{"id":1482,"date":"2021-02-01T22:09:24","date_gmt":"2021-02-01T21:09:24","guid":{"rendered":"https:\/\/app.steuer.test\/?page_id=1482"},"modified":"2021-02-07T14:41:17","modified_gmt":"2021-02-07T13:41:17","slug":"impressum","status":"publish","type":"page","link":"https:\/\/stb-ehrling.de\/?page_id=1482","title":{"rendered":"Impressum"},"content":{"rendered":"\n<h3 class=\"wp-block-heading\">Angaben gem. \u00a76 des Teledienstegesetzes<\/h3>\n\n\n\n<p>Sabine Ehrling<br>Steuerberater<br>Am Park 1<br>36433 Bad Salzungen<br><br>Telefon: 03695 628285<br>Telefax: 03695 628685<br>E-Mail: info@stb-ehrling.de<br><br>Umsatzsteuer-Identifikationsnummer: DE 246 109 539<br>Berufskammer: Steuerberaterkammer Th\u00fcringen<br><a href=\"http:\/\/www.stbk-thueringen.de\/\">www.stbk-thueringen.de<\/a><br>Kart\u00e4userstra\u00dfe 27<br>99084 Erfurt<br><br>Gesetzliche Berufsbezeichnung: Steuerberater<br>Verleihungsstaat: Bundesrepublik Deutschland<br>Bundesland: Th\u00fcringen<\/p>\n\n\n\n<h3 class=\"wp-block-heading\">Wichtige berufsrechtliche Regelungen<\/h3>\n\n\n\n<ul class=\"wp-block-list\"><li>Steuerberatungsgesetz<\/li><li>Durchf\u00fchrungsverordnung zum Steuerberatungsgesetz<\/li><li>Berufsordnung der Steuerberater<\/li><li>Steuerberatergeb\u00fchrenverordnung<\/li><\/ul>\n\n\n\n<p>Die berufsrechtlichen Regelungen k\u00f6nnen auf der Homepage der Bundessteuerberaterkammer (www.bstbk.de) eingesehen werden.<\/p>\n\n\n\n<p>Bildquelle: https:\/\/pixabay.com\/<\/p>\n","protected":false},"excerpt":{"rendered":"<p>Angaben gem. \u00a76 des Teledienstegesetzes Sabine EhrlingSteuerberaterAm Park 136433 Bad Salzungen Telefon: 03695 628285Telefax: 03695 628685E-Mail: info@stb-ehrling.de Umsatzsteuer-Identifikationsnummer: DE 246 109 539Berufskammer: Steuerberaterkammer Th\u00fcringenwww.stbk-thueringen.deKart\u00e4userstra\u00dfe 2799084 Erfurt Gesetzliche Berufsbezeichnung: SteuerberaterVerleihungsstaat: Bundesrepublik &#8230;<\/p>\n","protected":false},"author":1,"featured_media":0,"parent":0,"menu_order":0,"comment_status":"closed","ping_status":"closed","template":"","meta":{"footnotes":""},"class_list":["post-1482","page","type-page","status-publish","hentry"],"_links":{"self":[{"href":"https:\/\/stb-ehrling.de\/index.php?rest_route=\/wp\/v2\/pages\/1482","targetHints":{"allow":["GET"]}}],"collection":[{"href":"https:\/\/stb-ehrling.de\/index.php?rest_route=\/wp\/v2\/pages"}],"about":[{"href":"https:\/\/stb-ehrling.de\/index.php?rest_route=\/wp\/v2\/types\/page"}],"author":[{"embeddable":true,"href":"https:\/\/stb-ehrling.de\/index.php?rest_route=\/wp\/v2\/users\/1"}],"replies":[{"embeddable":true,"href":"https:\/\/stb-ehrling.de\/index.php?rest_route=%2Fwp%2Fv2%2Fcomments&post=1482"}],"version-history":[{"count":4,"href":"https:\/\/stb-ehrling.de\/index.php?rest_route=\/wp\/v2\/pages\/1482\/revisions"}],"predecessor-version":[{"id":1542,"href":"https:\/\/stb-ehrling.de\/index.php?rest_route=\/wp\/v2\/pages\/1482\/revisions\/1542"}],"wp:attachment":[{"href":"https:\/\/stb-ehrling.de\/index.php?rest_route=%2Fwp%2Fv2%2Fmedia&parent=1482"}],"curies":[{"name":"wp","href":"https:\/\/api.w.org\/{rel}","templated":true}]}}